{"id":1313,"date":"2017-04-14T08:55:39","date_gmt":"2017-04-14T06:55:39","guid":{"rendered":"https:\/\/www.biorey.nl\/biologisch\/"},"modified":"2021-10-12T09:53:38","modified_gmt":"2021-10-12T07:53:38","slug":"organisch","status":"publish","type":"page","link":"https:\/\/biorey.nl\/de\/organisch\/","title":{"rendered":"Organisch"},"content":{"rendered":"[vc_row css=&#8220;.vc_custom_1496160530292{padding-top: 50px !important;padding-bottom: 50px !important;}&#8220;][vc_column][vc_column_text align=&#8220;center&#8220; css=&#8220;.vc_custom_1540993333569{margin-bottom: 0px !important;}&#8220;]\n<h1 style=\"text-align: center;\">Organisch<\/h1>\n[\/vc_column_text][vc_empty_space height=&#8220;30px&#8220;][vc_single_image image=&#8220;457&#8243; img_size=&#8220;100&#215;140&#8243; alignment=&#8220;center&#8220;][vc_empty_space][vc_column_text css=&#8220;.vc_custom_1540993373213{margin-bottom: 0px !important;}&#8220;]\n<h2 style=\"text-align: center;\">BIOLOGISCHE PRODUKTION BEDEUTET NACHHALTIGE PRODUKTION<\/h2>\n<p style=\"text-align: center;\">BioRey sucht auf transparente Weise nach einer Balance zwischen Nachhaltigkeit und sozialer Unternehmensverantwortung. So schafft BioRey sozialen, \u00f6kologischen und wirtschaftlichen Mehrwert. BioRey ber\u00fccksichtigt immer die Effekte ihrer betrieblichen Aktivit\u00e4ten auf die drei Bereiche: People-Planet-Profit.<\/p>\n<p style=\"text-align: center;\">Biologische Produkte werden ohne chemische Bek\u00e4mpfungsmittel, Kunstd\u00fcnger und k\u00fcnstliche Zusatzstoffe hergestellt. Der Ausgangspunkt f\u00fcr biologischen Anbau ist Respekt vor der Natur, den Menschen und der Gemeinschaft. Genetische Diversit\u00e4t und optimale Bodenfruchtbarkeit sind dabei von gro\u00dfer Bedeutung. Typisch f\u00fcr biologische Landwirtschaft ist der Fruchtwechsel, so dass sich der Boden auf nat\u00fcrliche Weise erholt und nicht ersch\u00f6pft wird. Damit wachsen Pflanzen auf nat\u00fcrliche Weise pur heran. Uns von BioRey geht es um echte Produkte, bei denen Preis und Qualit\u00e4t im Gleichgewicht sind.<\/p>\n<h2 style=\"text-align: center;\">BioRey: Let&#8217;s unite!<\/h2>\n[\/vc_column_text][vc_empty_space][vc_column_text css=&#8220;.vc_custom_1584473125664{margin-bottom: 0px !important;}&#8220;]<img loading=\"lazy\" class=\"aligncenter wp-image-1830\" src=\"https:\/\/www.biorey.nl\/wp-content\/uploads\/2020\/03\/biologisch.svg\" alt=\"\" width=\"592\" height=\"109\" \/>[\/vc_column_text][\/vc_column][\/vc_row][vc_row fullwidth=&#8220;true&#8220;][vc_column][vc_single_image image=&#8220;847&#8243; img_size=&#8220;full&#8220; alignment=&#8220;center&#8220;][\/vc_column][\/vc_row]\n","protected":false},"excerpt":{"rendered":"<p>[vc_row css=&#8220;.vc_custom_1496160530292{padding-top: 50px !important;padding-bottom: 50px !important;}&#8220;][vc_column][vc_column_text align=&#8220;center&#8220; css=&#8220;.vc_custom_1540993333569{margin-bottom: 0px !important;}&#8220;] Organisch [\/vc_column_text][vc_empty_space height=&#8220;30px&#8220;][vc_single_image image=&#8220;457&#8243; img_size=&#8220;100&#215;140&#8243; alignment=&#8220;center&#8220;][vc_empty_space][vc_column_text css=&#8220;.vc_custom_1540993373213{margin-bottom: 0px !important;}&#8220;] BIOLOGISCHE PRODUKTION BEDEUTET NACHHALTIGE PRODUKTION BioRey sucht auf transparente Weise nach einer Balance zwischen Nachhaltigkeit und sozialer Unternehmensverantwortung. So schafft BioRey sozialen, \u00f6kologischen und wirtschaftlichen Mehrwert. BioRey ber\u00fccksichtigt immer die Effekte ihrer betrieblichen Aktivit\u00e4ten auf die [&hellip;]<\/p>\n","protected":false},"author":1,"featured_media":0,"parent":0,"menu_order":0,"comment_status":"closed","ping_status":"closed","template":"","meta":{"inline_featured_image":false},"yoast_head":"<!-- This site is optimized with the Yoast SEO plugin v19.1 - https:\/\/yoast.com\/wordpress\/plugins\/seo\/ -->\n<title>BioRey - Organisch<\/title>\n<meta name=\"description\" content=\"BioRey sucht auf transparente Weise nach einer Balance zwischen Nachhaltigkeit und sozialer Unternehmensverantwortung.\" \/>\n<meta name=\"robots\" content=\"index, follow, max-snippet:-1, max-image-preview:large, max-video-preview:-1\" \/>\n<link rel=\"canonical\" href=\"https:\/\/biorey.nl\/de\/organisch\/\" \/>\n<meta property=\"og:locale\" content=\"de_DE\" \/>\n<meta property=\"og:type\" content=\"article\" \/>\n<meta property=\"og:title\" content=\"BioRey - Organisch\" \/>\n<meta property=\"og:description\" content=\"BioRey sucht auf transparente Weise nach einer Balance zwischen Nachhaltigkeit und sozialer Unternehmensverantwortung.\" \/>\n<meta property=\"og:url\" content=\"https:\/\/biorey.nl\/de\/organisch\/\" \/>\n<meta property=\"og:site_name\" content=\"BioRey\" \/>\n<meta property=\"article:modified_time\" content=\"2021-10-12T07:53:38+00:00\" \/>\n<meta property=\"og:image\" content=\"https:\/\/www.biorey.nl\/wp-content\/uploads\/2020\/03\/biologisch.svg\" \/>\n<meta name=\"twitter:card\" content=\"summary_large_image\" \/>\n<meta name=\"twitter:label1\" content=\"Gesch\u00e4tzte Lesezeit\" \/>\n\t<meta name=\"twitter:data1\" content=\"1 Minute\" \/>\n<script type=\"application\/ld+json\" class=\"yoast-schema-graph\">{\"@context\":\"https:\/\/schema.org\",\"@graph\":[{\"@type\":\"WebSite\",\"@id\":\"https:\/\/biorey.nl\/#website\",\"url\":\"https:\/\/biorey.nl\/\",\"name\":\"BioRey\",\"description\":\"Eerlijk, professioneel, innovatief en sympathiek\",\"potentialAction\":[{\"@type\":\"SearchAction\",\"target\":{\"@type\":\"EntryPoint\",\"urlTemplate\":\"https:\/\/biorey.nl\/?s={search_term_string}\"},\"query-input\":\"required name=search_term_string\"}],\"inLanguage\":\"de-DE\"},{\"@type\":\"ImageObject\",\"inLanguage\":\"de-DE\",\"@id\":\"https:\/\/biorey.nl\/de\/organisch\/#primaryimage\",\"url\":\"https:\/\/www.biorey.nl\/wp-content\/uploads\/2020\/03\/biologisch.svg\",\"contentUrl\":\"https:\/\/www.biorey.nl\/wp-content\/uploads\/2020\/03\/biologisch.svg\"},{\"@type\":\"WebPage\",\"@id\":\"https:\/\/biorey.nl\/de\/organisch\/#webpage\",\"url\":\"https:\/\/biorey.nl\/de\/organisch\/\",\"name\":\"BioRey - Organisch\",\"isPartOf\":{\"@id\":\"https:\/\/biorey.nl\/#website\"},\"primaryImageOfPage\":{\"@id\":\"https:\/\/biorey.nl\/de\/organisch\/#primaryimage\"},\"datePublished\":\"2017-04-14T06:55:39+00:00\",\"dateModified\":\"2021-10-12T07:53:38+00:00\",\"description\":\"BioRey sucht auf transparente Weise nach einer Balance zwischen Nachhaltigkeit und sozialer Unternehmensverantwortung.\",\"breadcrumb\":{\"@id\":\"https:\/\/biorey.nl\/de\/organisch\/#breadcrumb\"},\"inLanguage\":\"de-DE\",\"potentialAction\":[{\"@type\":\"ReadAction\",\"target\":[\"https:\/\/biorey.nl\/de\/organisch\/\"]}]},{\"@type\":\"BreadcrumbList\",\"@id\":\"https:\/\/biorey.nl\/de\/organisch\/#breadcrumb\",\"itemListElement\":[{\"@type\":\"ListItem\",\"position\":1,\"name\":\"Home\",\"item\":\"https:\/\/biorey.nl\/de\/\"},{\"@type\":\"ListItem\",\"position\":2,\"name\":\"Organisch\"}]}]}<\/script>\n<!-- \/ Yoast SEO plugin. -->","yoast_head_json":{"title":"BioRey - Organisch","description":"BioRey sucht auf transparente Weise nach einer Balance zwischen Nachhaltigkeit und sozialer Unternehmensverantwortung.","robots":{"index":"index","follow":"follow","max-snippet":"max-snippet:-1","max-image-preview":"max-image-preview:large","max-video-preview":"max-video-preview:-1"},"canonical":"https:\/\/biorey.nl\/de\/organisch\/","og_locale":"de_DE","og_type":"article","og_title":"BioRey - Organisch","og_description":"BioRey sucht auf transparente Weise nach einer Balance zwischen Nachhaltigkeit und sozialer Unternehmensverantwortung.","og_url":"https:\/\/biorey.nl\/de\/organisch\/","og_site_name":"BioRey","article_modified_time":"2021-10-12T07:53:38+00:00","og_image":[{"url":"https:\/\/www.biorey.nl\/wp-content\/uploads\/2020\/03\/biologisch.svg"}],"twitter_card":"summary_large_image","twitter_misc":{"Gesch\u00e4tzte Lesezeit":"1 Minute"},"schema":{"@context":"https:\/\/schema.org","@graph":[{"@type":"WebSite","@id":"https:\/\/biorey.nl\/#website","url":"https:\/\/biorey.nl\/","name":"BioRey","description":"Eerlijk, professioneel, innovatief en sympathiek","potentialAction":[{"@type":"SearchAction","target":{"@type":"EntryPoint","urlTemplate":"https:\/\/biorey.nl\/?s={search_term_string}"},"query-input":"required name=search_term_string"}],"inLanguage":"de-DE"},{"@type":"ImageObject","inLanguage":"de-DE","@id":"https:\/\/biorey.nl\/de\/organisch\/#primaryimage","url":"https:\/\/www.biorey.nl\/wp-content\/uploads\/2020\/03\/biologisch.svg","contentUrl":"https:\/\/www.biorey.nl\/wp-content\/uploads\/2020\/03\/biologisch.svg"},{"@type":"WebPage","@id":"https:\/\/biorey.nl\/de\/organisch\/#webpage","url":"https:\/\/biorey.nl\/de\/organisch\/","name":"BioRey - Organisch","isPartOf":{"@id":"https:\/\/biorey.nl\/#website"},"primaryImageOfPage":{"@id":"https:\/\/biorey.nl\/de\/organisch\/#primaryimage"},"datePublished":"2017-04-14T06:55:39+00:00","dateModified":"2021-10-12T07:53:38+00:00","description":"BioRey sucht auf transparente Weise nach einer Balance zwischen Nachhaltigkeit und sozialer Unternehmensverantwortung.","breadcrumb":{"@id":"https:\/\/biorey.nl\/de\/organisch\/#breadcrumb"},"inLanguage":"de-DE","potentialAction":[{"@type":"ReadAction","target":["https:\/\/biorey.nl\/de\/organisch\/"]}]},{"@type":"BreadcrumbList","@id":"https:\/\/biorey.nl\/de\/organisch\/#breadcrumb","itemListElement":[{"@type":"ListItem","position":1,"name":"Home","item":"https:\/\/biorey.nl\/de\/"},{"@type":"ListItem","position":2,"name":"Organisch"}]}]}},"_links":{"self":[{"href":"https:\/\/biorey.nl\/de\/wp-json\/wp\/v2\/pages\/1313"}],"collection":[{"href":"https:\/\/biorey.nl\/de\/wp-json\/wp\/v2\/pages"}],"about":[{"href":"https:\/\/biorey.nl\/de\/wp-json\/wp\/v2\/types\/page"}],"author":[{"embeddable":true,"href":"https:\/\/biorey.nl\/de\/wp-json\/wp\/v2\/users\/1"}],"replies":[{"embeddable":true,"href":"https:\/\/biorey.nl\/de\/wp-json\/wp\/v2\/comments?post=1313"}],"version-history":[{"count":7,"href":"https:\/\/biorey.nl\/de\/wp-json\/wp\/v2\/pages\/1313\/revisions"}],"predecessor-version":[{"id":2129,"href":"https:\/\/biorey.nl\/de\/wp-json\/wp\/v2\/pages\/1313\/revisions\/2129"}],"wp:attachment":[{"href":"https:\/\/biorey.nl\/de\/wp-json\/wp\/v2\/media?parent=1313"}],"curies":[{"name":"wp","href":"https:\/\/api.w.org\/{rel}","templated":true}]}}